{"id":99,"date":"2024-11-19T18:52:17","date_gmt":"2024-11-19T21:52:17","guid":{"rendered":"https:\/\/diy.setorreciclagem.com.br\/?page_id=99"},"modified":"2024-11-21T23:58:06","modified_gmt":"2024-11-22T02:58:06","slug":"politica-de-cookies","status":"publish","type":"page","link":"https:\/\/diy.setorreciclagem.com.br\/es\/politica-de-cookies\/","title":{"rendered":"Pol\u00edtica de cookies"},"content":{"rendered":"<div class=\"cookie-policy\">\n    \n    <p>Bem-vindo \u00e0 <strong>DIY Setor Reciclagem<\/strong>! Esta Pol\u00edtica de Cookies descreve como <strong> DIY Setor Reciclagem <\/strong> (&#8220;n\u00f3s&#8221;, &#8220;nosso&#8221; ou &#8220;nossa&#8221;) utiliza cookies e tecnologias similares no site <a href=\"https:\/\/diy.setorreciclagem.com.br\/es\/\">diy.setorreciclagem.com.br\/<\/a> (doravante referido como &#8220;Site&#8221;). Estamos comprometidos em proteger sua privacidade e garantir a transpar\u00eancia sobre o uso de cookies, em conformidade com a Lei Geral de Prote\u00e7\u00e3o de Dados (LGPD &#8211; Lei n\u00ba 13.709\/2018).<\/p>\n    \n    <h2>1. O Que S\u00e3o Cookies<\/h2>\n    <p>Cookies s\u00e3o pequenos arquivos de texto que s\u00e3o armazenados no seu dispositivo (computador, tablet, smartphone) quando voc\u00ea visita um site. Eles s\u00e3o amplamente utilizados para fazer os sites funcionarem de maneira mais eficiente, al\u00e9m de fornecer informa\u00e7\u00f5es aos propriet\u00e1rios do site.<\/p>\n    \n    <h2>2. Como Utilizamos Cookies<\/h2>\n    <p>Utilizamos cookies para diversas finalidades, que incluem:<\/p>\n    <ul>\n        <li><strong>Autentica\u00e7\u00e3o e Seguran\u00e7a<\/strong>: Garantir que voc\u00ea tenha acesso seguro ao Site e suas funcionalidades.<\/li>\n        <li><strong>An\u00e1lise e Melhoria<\/strong>: Entender como os usu\u00e1rios interagem com o Site para melhorar sua usabilidade e conte\u00fado.<\/li>\n        <li><strong>Personaliza\u00e7\u00e3o<\/strong>: Adaptar o conte\u00fado e as ofertas de acordo com suas prefer\u00eancias e comportamentos de navega\u00e7\u00e3o.<\/li>\n        <li><strong>Publicidade<\/strong>: Exibir an\u00fancios relevantes e personalizados, al\u00e9m de medir a efic\u00e1cia das campanhas publicit\u00e1rias.<\/li>\n    <\/ul>\n    \n    <h2>3. Tipos de Cookies Utilizados<\/h2>\n    \n    <h3>3.1 Cookies Essenciais<\/h3>\n    <p>Esses cookies s\u00e3o necess\u00e1rios para o funcionamento b\u00e1sico do Site. Eles permitem que voc\u00ea navegue pelo Site e utilize suas funcionalidades, como acesso a \u00e1reas seguras. Sem esses cookies, alguns servi\u00e7os oferecidos no Site n\u00e3o podem ser fornecidos.<\/p>\n    <strong>Exemplos de Uso:<\/strong>\n    <ul>\n        <li>Manter sua sess\u00e3o de login ativa.<\/li>\n        <li>Lembrar suas prefer\u00eancias de idioma.<\/li>\n    <\/ul>\n    \n    <h3>3.2 Cookies de Desempenho<\/h3>\n    <p>Cookies de desempenho coletam informa\u00e7\u00f5es sobre como voc\u00ea utiliza o Site, como as p\u00e1ginas que mais visita e se recebe mensagens de erro das p\u00e1ginas web. Esses cookies n\u00e3o coletam informa\u00e7\u00f5es que identificam um visitante. Todas as informa\u00e7\u00f5es coletadas por esses cookies s\u00e3o agregadas e, portanto, an\u00f4nimas. Elas s\u00e3o usadas apenas para melhorar o funcionamento do Site.<\/p>\n    <strong>Exemplos de Uso:<\/strong>\n    <ul>\n        <li>Analisar o tr\u00e1fego do Site.<\/li>\n        <li>Identificar \u00e1reas do Site que necessitam de melhorias.<\/li>\n    <\/ul>\n    \n    <h3>3.3 Cookies de Funcionalidade<\/h3>\n    <p>Esses cookies permitem que o Site lembre-se das escolhas que voc\u00ea faz (como seu nome de usu\u00e1rio, idioma ou a regi\u00e3o em que voc\u00ea est\u00e1) e forne\u00e7a funcionalidades aprimoradas e mais personalizadas. Essas informa\u00e7\u00f5es podem ser usadas para lembrar suas prefer\u00eancias em visitas futuras ao Site.<\/p>\n    <strong>Exemplos de Uso:<\/strong>\n    <ul>\n        <li>Salvar suas prefer\u00eancias de visualiza\u00e7\u00e3o.<\/li>\n        <li>Personalizar o conte\u00fado exibido com base nas suas escolhas anteriores.<\/li>\n    <\/ul>\n    \n    <h3>3.4 Cookies de Publicidade<\/h3>\n    <p>Cookies de publicidade s\u00e3o usados para entregar an\u00fancios mais relevantes para voc\u00ea e seus interesses. Eles tamb\u00e9m s\u00e3o usados para limitar o n\u00famero de vezes que voc\u00ea v\u00ea um an\u00fancio, bem como para ajudar a medir a efic\u00e1cia das campanhas publicit\u00e1rias.<\/p>\n    <strong>Exemplos de Uso:<\/strong>\n    <ul>\n        <li>Exibir an\u00fancios baseados nos seus interesses.<\/li>\n        <li>Controlar a frequ\u00eancia com que um an\u00fancio espec\u00edfico \u00e9 exibido para voc\u00ea.<\/li>\n    <\/ul>\n    \n    <h2>4. Como Usamos Cookies<\/h2>\n    <ul>\n        <li><strong>Autentica\u00e7\u00e3o e Seguran\u00e7a<\/strong>: Garantir que voc\u00ea tenha acesso seguro ao Site e \u00e0s suas funcionalidades.<\/li>\n        <li><strong>An\u00e1lise e Melhoria<\/strong>: Entender como os usu\u00e1rios interagem com o Site para melhorar sua usabilidade e conte\u00fado.<\/li>\n        <li><strong>Personaliza\u00e7\u00e3o<\/strong>: Adaptar o conte\u00fado e as ofertas de acordo com suas prefer\u00eancias e comportamentos de navega\u00e7\u00e3o.<\/li>\n        <li><strong>Publicidade<\/strong>: Exibir an\u00fancios relevantes e personalizados, al\u00e9m de medir a efic\u00e1cia das campanhas publicit\u00e1rias.<\/li>\n    <\/ul>\n    \n    <h2>5. Gerenciamento de Cookies<\/h2>\n    <p>Os usu\u00e1rios t\u00eam a liberdade de bloquear ou desativar os cookies de qualquer site, inclusive o nosso, a qualquer momento, por meio do ajuste das configura\u00e7\u00f5es do navegador de internet.<\/p>\n    \n    <h3>5.1 Como Bloquear Cookies<\/h3>\n    <p>Aqui est\u00e3o os links para os guias de ajuda dos principais navegadores, que podem auxili\u00e1-lo nesse procedimento:<\/p>\n    <ul>\n        <li><strong><a href=\"https:\/\/support.microsoft.com\/pt-br\/windows\/gerenciar-cookies-no-microsoft-edge-exibir-permitir-bloquear-excluir-e-usar-168dab11-0753-043d-7c16-ede5947fc64d\" target=\"_blank\" rel=\"noopener\">Microsoft Edge<\/a><\/strong><\/li>\n        <li><strong><a href=\"https:\/\/support.mozilla.org\/pt-BR\/kb\/limpe-cookies-e-dados-de-sites-no-firefox\" target=\"_blank\" rel=\"noopener\">Mozilla Firefox<\/a><\/strong><\/li>\n        <li><strong><a href=\"https:\/\/support.google.com\/chrome\/answer\/95647?hl=pt-BR\" target=\"_blank\" rel=\"noopener\">Google Chrome<\/a><\/strong><\/li>\n        <li><strong><a href=\"https:\/\/help.opera.com\/en\/latest\/web-preferences\/#cookies\" target=\"_blank\" rel=\"noopener\">Opera<\/a><\/strong><\/li>\n        <li><strong><a href=\"https:\/\/support.apple.com\/pt-br\/guide\/safari\/sfri11471\/mac\" target=\"_blank\" rel=\"noopener\">Safari<\/a><\/strong><\/li>\n    <\/ul>\n    \n    <h3>5.2 Desabilitar An\u00fancios Personalizados<\/h3>\n    <p>Caso queira desabilitar os an\u00fancios personalizados fornecidos pelo Google, \u00e9 poss\u00edvel alterar suas configura\u00e7\u00f5es nas <a href=\"https:\/\/adssettings.google.com\/authenticated\" target=\"_blank\" rel=\"noopener\">Op\u00e7\u00f5es de An\u00fancios do Google<\/a>.<\/p>\n    <p>Para desativar a publicidade personalizada de terceiros, acesse o site <a href=\"https:\/\/www.aboutads.info\" target=\"_blank\" rel=\"noopener\">www.aboutads.info<\/a>, onde voc\u00ea receber\u00e1 orienta\u00e7\u00f5es sobre como gerenciar suas prefer\u00eancias de an\u00fancios em diferentes plataformas.<\/p>\n    \n    <strong>Passos para Desabilitar An\u00fancios Personalizados:<\/strong>\n    <ol>\n        <li><strong>No Google:<\/strong>\n            <ul>\n                <li>Acesse <a href=\"https:\/\/adssettings.google.com\/authenticated\" target=\"_blank\" rel=\"noopener\">Google Ads Settings<\/a>.<\/li>\n                <li>Desative a op\u00e7\u00e3o &#8220;Personaliza\u00e7\u00e3o de an\u00fancios&#8221;.<\/li>\n            <\/ul>\n        <\/li>\n        <li><strong>Em Terceiros:<\/strong>\n            <ul>\n                <li>Visite <a href=\"https:\/\/www.aboutads.info\" target=\"_blank\" rel=\"noopener\">www.aboutads.info<\/a>.<\/li>\n                <li>Siga as instru\u00e7\u00f5es para gerenciar suas prefer\u00eancias de an\u00fancios em v\u00e1rias plataformas e dispositivos.<\/li>\n            <\/ul>\n        <\/li>\n    <\/ol>\n    \n    <h2>6. Consentimento<\/h2>\n    <p>Ao utilizar nosso Site, voc\u00ea concorda com o uso de cookies conforme descrito nesta Pol\u00edtica de Cookies. Se voc\u00ea n\u00e3o concorda com o uso de determinados tipos de cookies, pode ajustar suas configura\u00e7\u00f5es de cookies conforme as instru\u00e7\u00f5es fornecidas acima. No entanto, por favor, note que a desativa\u00e7\u00e3o de alguns cookies pode impactar sua experi\u00eancia no Site e limitar o acesso a certas funcionalidades.<\/p>\n    \n    <h2>7. Atualiza\u00e7\u00f5es da Pol\u00edtica de Cookies<\/h2>\n    <p>Podemos atualizar esta Pol\u00edtica de Cookies de tempos em tempos para refletir mudan\u00e7as em nossas pr\u00e1ticas ou por raz\u00f5es legais. Quando fizermos altera\u00e7\u00f5es, atualizaremos a &#8220;\u00daltima atualiza\u00e7\u00e3o&#8221; no final desta pol\u00edtica e publicaremos a vers\u00e3o revisada no Site. Recomendamos que voc\u00ea revise esta Pol\u00edtica de Cookies periodicamente para estar ciente de como estamos utilizando cookies.<\/p>\n    \n    <h2>8. Servi\u00e7os de Terceiros<\/h2>\n    <p>Podemos utilizar servi\u00e7os de terceiros para fornecer funcionalidades adicionais ao Site, como processamento de pagamentos, an\u00e1lise de dados e hospedagem de conte\u00fado. Esses terceiros podem ter acesso a suas informa\u00e7\u00f5es pessoais apenas para realizar essas tarefas em nosso nome e s\u00e3o obrigados a proteger essas informa\u00e7\u00f5es de acordo com esta Pol\u00edtica de Privacidade e a LGPD.<\/p>\n    \n    <h2>9. Privacidade das Crian\u00e7as<\/h2>\n    <p>Nosso Site n\u00e3o \u00e9 destinado a crian\u00e7as menores de 18 anos. N\u00e3o coletamos intencionalmente informa\u00e7\u00f5es pessoais de crian\u00e7as. Se tomarmos conhecimento de que coletamos informa\u00e7\u00f5es pessoais de uma crian\u00e7a, tomaremos medidas para remover essas informa\u00e7\u00f5es imediatamente.<\/p>\n    \n    <h2>10. Contato<\/h2>\n    <p>Se voc\u00ea tiver qualquer d\u00favida sobre esta Pol\u00edtica de Cookies, entre em contato conosco atrav\u00e9s do e-mail <a href=\"mailto:contato@artereciclada.com.br\">contato@artereciclada.com.br<\/a>.<\/p>\n    \n    <hr>\n    \n    <p class=\"last-updated\">\u00daltima atualiza\u00e7\u00e3o: 19 de novembro de 2024<\/p>\n<\/div>","protected":false},"excerpt":{"rendered":"<p>Bem-vindo \u00e0 DIY Setor Reciclagem! Esta Pol\u00edtica de Cookies descreve como DIY Setor Reciclagem (&#8220;n\u00f3s&#8221;, &#8220;nosso&#8221; ou &#8220;nossa&#8221;) utiliza cookies e tecnologias similares no site diy.setorreciclagem.com.br\/ (doravante referido como &#8220;Site&#8221;). Estamos comprometidos em proteger sua privacidade e garantir a transpar\u00eancia sobre o uso de cookies, em conformidade com a Lei Geral de Prote\u00e7\u00e3o de Dados [&hellip;]<\/p>","protected":false},"author":1,"featured_media":0,"parent":0,"menu_order":0,"comment_status":"closed","ping_status":"closed","template":"","meta":{"footnotes":""},"class_list":["post-99","page","type-page","status-publish","hentry"],"blocksy_meta":[],"_links":{"self":[{"href":"https:\/\/diy.setorreciclagem.com.br\/es\/wp-json\/wp\/v2\/pages\/99","targetHints":{"allow":["GET"]}}],"collection":[{"href":"https:\/\/diy.setorreciclagem.com.br\/es\/wp-json\/wp\/v2\/pages"}],"about":[{"href":"https:\/\/diy.setorreciclagem.com.br\/es\/wp-json\/wp\/v2\/types\/page"}],"author":[{"embeddable":true,"href":"https:\/\/diy.setorreciclagem.com.br\/es\/wp-json\/wp\/v2\/users\/1"}],"replies":[{"embeddable":true,"href":"https:\/\/diy.setorreciclagem.com.br\/es\/wp-json\/wp\/v2\/comments?post=99"}],"version-history":[{"count":3,"href":"https:\/\/diy.setorreciclagem.com.br\/es\/wp-json\/wp\/v2\/pages\/99\/revisions"}],"predecessor-version":[{"id":173,"href":"https:\/\/diy.setorreciclagem.com.br\/es\/wp-json\/wp\/v2\/pages\/99\/revisions\/173"}],"wp:attachment":[{"href":"https:\/\/diy.setorreciclagem.com.br\/es\/wp-json\/wp\/v2\/media?parent=99"}],"curies":[{"name":"wp","href":"https:\/\/api.w.org\/{rel}","templated":true}]}}