{"id":112,"date":"2024-11-19T19:46:49","date_gmt":"2024-11-19T22:46:49","guid":{"rendered":"https:\/\/diy.setorreciclagem.com.br\/?page_id=112"},"modified":"2024-11-19T19:46:50","modified_gmt":"2024-11-19T22:46:50","slug":"contato","status":"publish","type":"page","link":"https:\/\/diy.setorreciclagem.com.br\/es\/contato\/","title":{"rendered":"P\u00f3ngase en contacto con"},"content":{"rendered":"<p>Ol\u00e1! \ud83d\ude0a Precisa falar com a gente? Estamos aqui para ajudar. Entre em contato pelos nossos canais:<\/p>\n\n\n\n<p><strong>E-mail:<\/strong> <a href=\"mailto:contato@setorreciclagem.com.br\">contato@setorreciclagem.com.br<\/a><br><strong>Hor\u00e1rio de Atendimento:<\/strong> Segunda a sexta, das 8h \u00e0s 17h.<\/p>\n\n\n\n<p>Envie sua mensagem e responderemos o mais breve poss\u00edvel. Juntos, podemos fazer a diferen\u00e7a no mundo da reciclagem! \ud83c\udf0d\u267b\ufe0f<\/p>","protected":false},"excerpt":{"rendered":"<p>Ol\u00e1! \ud83d\ude0a Precisa falar com a gente? Estamos aqui para ajudar. Entre em contato pelos nossos canais: E-mail: contato@setorreciclagem.com.brHor\u00e1rio de Atendimento: Segunda a sexta, das 8h \u00e0s 17h. Envie sua mensagem e responderemos o mais breve poss\u00edvel. Juntos, podemos fazer a diferen\u00e7a no mundo da reciclagem! \ud83c\udf0d\u267b\ufe0f<\/p>","protected":false},"author":1,"featured_media":0,"parent":0,"menu_order":0,"comment_status":"closed","ping_status":"closed","template":"","meta":{"footnotes":""},"class_list":["post-112","page","type-page","status-publish","hentry"],"blocksy_meta":[],"_links":{"self":[{"href":"https:\/\/diy.setorreciclagem.com.br\/es\/wp-json\/wp\/v2\/pages\/112","targetHints":{"allow":["GET"]}}],"collection":[{"href":"https:\/\/diy.setorreciclagem.com.br\/es\/wp-json\/wp\/v2\/pages"}],"about":[{"href":"https:\/\/diy.setorreciclagem.com.br\/es\/wp-json\/wp\/v2\/types\/page"}],"author":[{"embeddable":true,"href":"https:\/\/diy.setorreciclagem.com.br\/es\/wp-json\/wp\/v2\/users\/1"}],"replies":[{"embeddable":true,"href":"https:\/\/diy.setorreciclagem.com.br\/es\/wp-json\/wp\/v2\/comments?post=112"}],"version-history":[{"count":1,"href":"https:\/\/diy.setorreciclagem.com.br\/es\/wp-json\/wp\/v2\/pages\/112\/revisions"}],"predecessor-version":[{"id":123,"href":"https:\/\/diy.setorreciclagem.com.br\/es\/wp-json\/wp\/v2\/pages\/112\/revisions\/123"}],"wp:attachment":[{"href":"https:\/\/diy.setorreciclagem.com.br\/es\/wp-json\/wp\/v2\/media?parent=112"}],"curies":[{"name":"wp","href":"https:\/\/api.w.org\/{rel}","templated":true}]}}